{"id":1434,"date":"2026-01-15T18:17:06","date_gmt":"2026-01-15T16:17:06","guid":{"rendered":"https:\/\/landing.goworkabit.com\/pagrindinis\/"},"modified":"2026-04-08T15:21:48","modified_gmt":"2026-04-08T13:21:48","slug":"pagrindinis","status":"publish","type":"page","link":"https:\/\/goworkabit.com\/lt\/","title":{"rendered":"Pagrindinis"},"content":{"rendered":"\t\t<div data-elementor-type=\"wp-page\" data-elementor-id=\"1434\" class=\"elementor elementor-1434 elementor-9\" data-elementor-post-type=\"page\">\n\t\t\t\t<div class=\"elementor-element elementor-element-bc412a5 e-con-full e-flex e-con e-parent\" data-id=\"bc412a5\" data-element_type=\"container\" data-e-type=\"container\">\n\t\t\t\t<div class=\"elementor-element elementor-element-b637f70 elementor-widget-mobile__width-initial elementor-widget__width-initial elementor-widget elementor-widget-heading\" data-id=\"b637f70\" data-element_type=\"widget\" data-e-type=\"widget\" data-widget_type=\"heading.default\">\n\t\t\t\t\t<h1 class=\"elementor-heading-title elementor-size-default\">Did\u017eiausia lanks\u010di\u0173 ir trumpalaiki\u0173 darb\u0173 platforma Baltijos \u0161alyse<\/h1>\t\t\t\t<\/div>\n\t\t\t\t<\/div>\n\t\t<div class=\"elementor-element elementor-element-bc7ba63 e-flex e-con-boxed e-con e-parent\" data-id=\"bc7ba63\" data-element_type=\"container\" data-e-type=\"container\">\n\t\t\t\t\t<div class=\"e-con-inner\">\n\t\t<div class=\"elementor-element elementor-element-1a17719 e-con-full e-flex e-con e-child\" data-id=\"1a17719\" data-element_type=\"container\" data-e-type=\"container\" data-settings=\"{&quot;background_background&quot;:&quot;classic&quot;}\">\n\t\t<div class=\"elementor-element elementor-element-d813d0c e-con-full e-flex e-con e-child\" data-id=\"d813d0c\" data-element_type=\"container\" data-e-type=\"container\">\n\t\t\t\t<div class=\"elementor-element elementor-element-c38b73b elementor-widget elementor-widget-heading\" data-id=\"c38b73b\" data-element_type=\"widget\" data-e-type=\"widget\" data-widget_type=\"heading.default\">\n\t\t\t\t\t<h2 class=\"elementor-heading-title elementor-size-default\">DARBDAVIAMS<\/h2>\t\t\t\t<\/div>\n\t\t\t\t<div class=\"elementor-element elementor-element-9f8d04c elementor-widget__width-initial elementor-widget elementor-widget-text-editor\" data-id=\"9f8d04c\" data-element_type=\"widget\" data-e-type=\"widget\" data-widget_type=\"text-editor.default\">\n\t\t\t\t\t\t\t\t\t<p>\u010cia rasite darbuotoj\u0173, kai darbo kr\u016bvis netik\u0117tai padid\u0117ja, darbuotojai suserga arba prireikia pagalbos vykdant nauj\u0105 projekt\u0105.<\/p>\t\t\t\t\t\t\t\t<\/div>\n\t\t<div class=\"elementor-element elementor-element-940065e e-con-full e-flex e-con e-child\" data-id=\"940065e\" data-element_type=\"container\" data-e-type=\"container\">\n\t\t<div class=\"elementor-element elementor-element-3ee697c e-con-full e-flex e-con e-child\" data-id=\"3ee697c\" data-element_type=\"container\" data-e-type=\"container\">\n\t\t\t\t<div class=\"elementor-element elementor-element-3b56f88 elementor-align-justify elementor-widget elementor-widget-button\" data-id=\"3b56f88\" data-element_type=\"widget\" data-e-type=\"widget\" data-widget_type=\"button.default\">\n\t\t\t\t\t\t\t\t\t\t<a class=\"elementor-button elementor-button-link elementor-size-sm\" href=\"https:\/\/goworkabit.com\/lt\/b2b\/\">\n\t\t\t\t\t\t<span class=\"elementor-button-content-wrapper\">\n\t\t\t\t\t\t\t\t\t<span class=\"elementor-button-text\">Skaityti daugiau<\/span>\n\t\t\t\t\t<\/span>\n\t\t\t\t\t<\/a>\n\t\t\t\t\t\t\t\t<\/div>\n\t\t\t\t<div class=\"elementor-element elementor-element-7298f06 elementor-widget elementor-widget-text-editor\" data-id=\"7298f06\" data-element_type=\"widget\" data-e-type=\"widget\" data-widget_type=\"text-editor.default\">\n\t\t\t\t\t\t\t\t\t<div id=\"lp-pom-text-536\" class=\"lp-element lp-pom-text nlh\"><strong> <a href=\"https:\/\/form.typeform.com\/to\/rY9HtgJ2?typeform-source=promo.goworkabit.com\" data-event=\"b2b_consult_cta\" data-country=\"lt\" data-language=\"lit\" target=\"_blank\" rel=\"noopener\" data-action=\"url\" data-params=\"false\"><u>U\u017esisakykite nemokam\u0105 konsultacij\u0105<\/u><\/a><\/strong><\/div>\t\t\t\t\t\t\t\t<\/div>\n\t\t\t\t<\/div>\n\t\t<div class=\"elementor-element elementor-element-7ce6f70 e-con-full e-transform e-flex e-con e-child\" data-id=\"7ce6f70\" data-element_type=\"container\" data-e-type=\"container\" data-settings=\"{&quot;_transform_rotateZ_effect&quot;:{&quot;unit&quot;:&quot;px&quot;,&quot;size&quot;:4,&quot;sizes&quot;:[]},&quot;_transform_rotateZ_effect_tablet&quot;:{&quot;unit&quot;:&quot;deg&quot;,&quot;size&quot;:&quot;&quot;,&quot;sizes&quot;:[]},&quot;_transform_rotateZ_effect_mobile&quot;:{&quot;unit&quot;:&quot;deg&quot;,&quot;size&quot;:&quot;&quot;,&quot;sizes&quot;:[]}}\">\n\t\t\t\t<div class=\"elementor-element elementor-element-8f55304 e-transform elementor-widget elementor-widget-image\" data-id=\"8f55304\" data-element_type=\"widget\" data-e-type=\"widget\" data-settings=\"{&quot;_transform_rotateZ_effect&quot;:{&quot;unit&quot;:&quot;px&quot;,&quot;size&quot;:-4,&quot;sizes&quot;:[]},&quot;_transform_rotateZ_effect_tablet&quot;:{&quot;unit&quot;:&quot;deg&quot;,&quot;size&quot;:&quot;&quot;,&quot;sizes&quot;:[]},&quot;_transform_rotateZ_effect_mobile&quot;:{&quot;unit&quot;:&quot;deg&quot;,&quot;size&quot;:&quot;&quot;,&quot;sizes&quot;:[]}}\" data-widget_type=\"image.default\">\n\t\t\t\t\t\t\t\t\t\t\t\t\t\t\t<img fetchpriority=\"high\" decoding=\"async\" width=\"452\" height=\"318\" src=\"https:\/\/goworkabit.com\/wp-content\/uploads\/2026\/01\/3750a8c3-kollektiiv2_10ck08u000000000000028.png\" class=\"attachment-large size-large wp-image-1427\" alt=\"\" srcset=\"https:\/\/goworkabit.com\/wp-content\/uploads\/2026\/01\/3750a8c3-kollektiiv2_10ck08u000000000000028.png 452w, https:\/\/goworkabit.com\/wp-content\/uploads\/2026\/01\/3750a8c3-kollektiiv2_10ck08u000000000000028-300x211.png 300w\" sizes=\"(max-width: 452px) 100vw, 452px\" \/>\t\t\t\t\t\t\t\t\t\t\t\t\t\t\t<\/div>\n\t\t\t\t<\/div>\n\t\t\t\t<\/div>\n\t\t\t\t<\/div>\n\t\t\t\t<\/div>\n\t\t<div class=\"elementor-element elementor-element-a8851c2 e-con-full e-flex e-con e-child\" data-id=\"a8851c2\" data-element_type=\"container\" data-e-type=\"container\" data-settings=\"{&quot;background_background&quot;:&quot;classic&quot;}\">\n\t\t<div class=\"elementor-element elementor-element-09b4e8a e-con-full e-flex e-con e-child\" data-id=\"09b4e8a\" data-element_type=\"container\" data-e-type=\"container\">\n\t\t\t\t<div class=\"elementor-element elementor-element-9633a06 elementor-widget elementor-widget-heading\" data-id=\"9633a06\" data-element_type=\"widget\" data-e-type=\"widget\" data-widget_type=\"heading.default\">\n\t\t\t\t\t<h2 class=\"elementor-heading-title elementor-size-default\">IE\u0160KANTIEMS DARBO<\/h2>\t\t\t\t<\/div>\n\t\t\t\t<div class=\"elementor-element elementor-element-087de32 elementor-widget__width-initial elementor-widget elementor-widget-text-editor\" data-id=\"087de32\" data-element_type=\"widget\" data-e-type=\"widget\" data-widget_type=\"text-editor.default\">\n\t\t\t\t\t\t\t\t\t<p>Atraskite darbus su lanks\u010diu darbo grafiku, kurie dera su j\u016bs\u0173 pagrindiniais \u012fsipareigojimais ir leid\u017eia lengvai u\u017esidirbti papildom\u0173 pajam\u0173.<\/p>\t\t\t\t\t\t\t\t<\/div>\n\t\t<div class=\"elementor-element elementor-element-3c00c94 e-con-full e-flex e-con e-child\" data-id=\"3c00c94\" data-element_type=\"container\" data-e-type=\"container\">\n\t\t<div class=\"elementor-element elementor-element-43001ee e-con-full e-flex e-con e-child\" data-id=\"43001ee\" data-element_type=\"container\" data-e-type=\"container\">\n\t\t\t\t<div class=\"elementor-element elementor-element-1cc08ec elementor-align-justify elementor-widget elementor-widget-button\" data-id=\"1cc08ec\" data-element_type=\"widget\" data-e-type=\"widget\" data-widget_type=\"button.default\">\n\t\t\t\t\t\t\t\t\t\t<a class=\"elementor-button elementor-button-link elementor-size-sm\" href=\"https:\/\/goworkabit.com\/lt\/b2c\/\">\n\t\t\t\t\t\t<span class=\"elementor-button-content-wrapper\">\n\t\t\t\t\t\t\t\t\t<span class=\"elementor-button-text\">Skaityti daugiau<\/span>\n\t\t\t\t\t<\/span>\n\t\t\t\t\t<\/a>\n\t\t\t\t\t\t\t\t<\/div>\n\t\t\t\t<div class=\"elementor-element elementor-element-b2b415d elementor-widget elementor-widget-text-editor\" data-id=\"b2b415d\" data-element_type=\"widget\" data-e-type=\"widget\" data-widget_type=\"text-editor.default\">\n\t\t\t\t\t\t\t\t\t<p><strong><a href=\"https:\/\/my.goworkabit.com\/joboffers\/lt\" target=\"_blank\" rel=\"noopener\" data-event=\"b2c_workbit_cta\" data-country=\"lt\" data-language=\"lit\" data-action=\"url\" data-params=\"false\"><u>Prisijunkite ir per\u017ei\u016br\u0117kite darbo skelbimus<\/u><\/a><\/strong><\/p>\t\t\t\t\t\t\t\t<\/div>\n\t\t\t\t<\/div>\n\t\t<div class=\"elementor-element elementor-element-f68f80b e-con-full e-transform e-flex e-con e-child\" data-id=\"f68f80b\" data-element_type=\"container\" data-e-type=\"container\" data-settings=\"{&quot;_transform_rotateZ_effect&quot;:{&quot;unit&quot;:&quot;px&quot;,&quot;size&quot;:4,&quot;sizes&quot;:[]},&quot;_transform_rotateZ_effect_tablet&quot;:{&quot;unit&quot;:&quot;deg&quot;,&quot;size&quot;:&quot;&quot;,&quot;sizes&quot;:[]},&quot;_transform_rotateZ_effect_mobile&quot;:{&quot;unit&quot;:&quot;deg&quot;,&quot;size&quot;:&quot;&quot;,&quot;sizes&quot;:[]}}\">\n\t\t\t\t<div class=\"elementor-element elementor-element-d132332 e-transform elementor-widget elementor-widget-image\" data-id=\"d132332\" data-element_type=\"widget\" data-e-type=\"widget\" data-settings=\"{&quot;_transform_rotateZ_effect&quot;:{&quot;unit&quot;:&quot;px&quot;,&quot;size&quot;:-4,&quot;sizes&quot;:[]},&quot;_transform_rotateZ_effect_tablet&quot;:{&quot;unit&quot;:&quot;deg&quot;,&quot;size&quot;:&quot;&quot;,&quot;sizes&quot;:[]},&quot;_transform_rotateZ_effect_mobile&quot;:{&quot;unit&quot;:&quot;deg&quot;,&quot;size&quot;:&quot;&quot;,&quot;sizes&quot;:[]}}\" data-widget_type=\"image.default\">\n\t\t\t\t\t\t\t\t\t\t\t\t\t\t\t<img decoding=\"async\" width=\"276\" height=\"344\" src=\"https:\/\/goworkabit.com\/wp-content\/uploads\/2026\/01\/d0fcb8dd-oc3o3x1_107o09k000000000000028.png\" class=\"attachment-full size-full wp-image-1429\" alt=\"\" srcset=\"https:\/\/goworkabit.com\/wp-content\/uploads\/2026\/01\/d0fcb8dd-oc3o3x1_107o09k000000000000028.png 276w, https:\/\/goworkabit.com\/wp-content\/uploads\/2026\/01\/d0fcb8dd-oc3o3x1_107o09k000000000000028-241x300.png 241w\" sizes=\"(max-width: 276px) 100vw, 276px\" \/>\t\t\t\t\t\t\t\t\t\t\t\t\t\t\t<\/div>\n\t\t\t\t<\/div>\n\t\t\t\t<\/div>\n\t\t\t\t<\/div>\n\t\t\t\t<\/div>\n\t\t\t\t\t<\/div>\n\t\t\t\t<\/div>\n\t\t<div class=\"elementor-element elementor-element-1f7abc1 e-flex e-con-boxed e-con e-parent\" data-id=\"1f7abc1\" data-element_type=\"container\" data-e-type=\"container\">\n\t\t\t\t\t<div class=\"e-con-inner\">\n\t\t<div class=\"elementor-element elementor-element-f105e3a e-con-full e-flex e-con e-child\" data-id=\"f105e3a\" data-element_type=\"container\" data-e-type=\"container\">\n\t\t<div class=\"elementor-element elementor-element-6880f10 e-con-full e-flex e-con e-child\" data-id=\"6880f10\" data-element_type=\"container\" data-e-type=\"container\" data-settings=\"{&quot;position&quot;:&quot;absolute&quot;}\">\n\t\t\t\t<div class=\"elementor-element elementor-element-855fc95 elementor-widget elementor-widget-image\" data-id=\"855fc95\" data-element_type=\"widget\" data-e-type=\"widget\" data-widget_type=\"image.default\">\n\t\t\t\t\t\t\t\t\t\t\t\t\t\t\t<img decoding=\"async\" width=\"229\" height=\"250\" src=\"https:\/\/goworkabit.com\/wp-content\/uploads\/2026\/01\/svg-image-1.svg\" class=\"attachment-large size-large wp-image-1428\" alt=\"\" \/>\t\t\t\t\t\t\t\t\t\t\t\t\t\t\t<\/div>\n\t\t\t\t<\/div>\n\t\t<div class=\"elementor-element elementor-element-459ae3c e-con-full counter-hover e-flex e-con e-child\" data-id=\"459ae3c\" data-element_type=\"container\" data-e-type=\"container\" data-settings=\"{&quot;background_background&quot;:&quot;classic&quot;}\">\n\t\t\t\t<div class=\"elementor-element elementor-element-d796213 elementor-widget elementor-widget-counter\" data-id=\"d796213\" data-element_type=\"widget\" data-e-type=\"widget\" data-widget_type=\"counter.default\">\n\t\t\t\t\t\t\t<div class=\"elementor-counter\">\n\t\t\t<div class=\"elementor-counter-title\">Atlikti darbai 2024 metais<\/div>\t\t\t<div class=\"elementor-counter-number-wrapper\">\n\t\t\t\t<span class=\"elementor-counter-number-prefix\"><\/span>\n\t\t\t\t<span class=\"elementor-counter-number\" data-duration=\"2000\" data-to-value=\"76345\" data-from-value=\"0\" data-delimiter=\",\">0<\/span>\n\t\t\t\t<span class=\"elementor-counter-number-suffix\"><\/span>\n\t\t\t<\/div>\n\t\t<\/div>\n\t\t\t\t\t\t<\/div>\n\t\t\t\t<\/div>\n\t\t\t\t<\/div>\n\t\t<div class=\"elementor-element elementor-element-fbd5b91 e-con-full e-flex e-con e-child\" data-id=\"fbd5b91\" data-element_type=\"container\" data-e-type=\"container\">\n\t\t<div class=\"elementor-element elementor-element-0e8748a e-con-full counter-hover e-flex e-con e-child\" data-id=\"0e8748a\" data-element_type=\"container\" data-e-type=\"container\" data-settings=\"{&quot;background_background&quot;:&quot;classic&quot;}\">\n\t\t\t\t<div class=\"elementor-element elementor-element-156853a elementor-widget elementor-widget-counter\" data-id=\"156853a\" data-element_type=\"widget\" data-e-type=\"widget\" data-widget_type=\"counter.default\">\n\t\t\t\t\t\t\t<div class=\"elementor-counter\">\n\t\t\t<div class=\"elementor-counter-title\">\u012e darb\u0105 eina daugiau nei vien\u0105 kart\u0105<\/div>\t\t\t<div class=\"elementor-counter-number-wrapper\">\n\t\t\t\t<span class=\"elementor-counter-number-prefix\"><\/span>\n\t\t\t\t<span class=\"elementor-counter-number\" data-duration=\"2000\" data-to-value=\"79\" data-from-value=\"0\" data-delimiter=\",\">0<\/span>\n\t\t\t\t<span class=\"elementor-counter-number-suffix\">%<\/span>\n\t\t\t<\/div>\n\t\t<\/div>\n\t\t\t\t\t\t<\/div>\n\t\t\t\t<\/div>\n\t\t\t\t<\/div>\n\t\t<div class=\"elementor-element elementor-element-d257d06 e-con-full e-flex e-con e-child\" data-id=\"d257d06\" data-element_type=\"container\" data-e-type=\"container\">\n\t\t<div class=\"elementor-element elementor-element-18ac412 e-con-full counter-hover e-flex e-con e-child\" data-id=\"18ac412\" data-element_type=\"container\" data-e-type=\"container\" data-settings=\"{&quot;background_background&quot;:&quot;classic&quot;}\">\n\t\t\t\t<div class=\"elementor-element elementor-element-e065bc1 elementor-widget elementor-widget-counter\" data-id=\"e065bc1\" data-element_type=\"widget\" data-e-type=\"widget\" data-widget_type=\"counter.default\">\n\t\t\t\t\t\t\t<div class=\"elementor-counter\">\n\t\t\t<div class=\"elementor-counter-title\">Registruoti vartotojai<\/div>\t\t\t<div class=\"elementor-counter-number-wrapper\">\n\t\t\t\t<span class=\"elementor-counter-number-prefix\"><\/span>\n\t\t\t\t<span class=\"elementor-counter-number\" data-duration=\"2000\" data-to-value=\"200000\" data-from-value=\"0\" data-delimiter=\",\">0<\/span>\n\t\t\t\t<span class=\"elementor-counter-number-suffix\">+<\/span>\n\t\t\t<\/div>\n\t\t<\/div>\n\t\t\t\t\t\t<\/div>\n\t\t\t\t<\/div>\n\t\t\t\t<\/div>\n\t\t<div class=\"elementor-element elementor-element-7a9f1fe e-con-full e-flex e-con e-child\" data-id=\"7a9f1fe\" data-element_type=\"container\" data-e-type=\"container\">\n\t\t<div class=\"elementor-element elementor-element-0c497eb e-con-full counter-hover e-flex e-con e-child\" data-id=\"0c497eb\" data-element_type=\"container\" data-e-type=\"container\" data-settings=\"{&quot;background_background&quot;:&quot;classic&quot;}\">\n\t\t\t\t<div class=\"elementor-element elementor-element-1e3f3d2 elementor-widget elementor-widget-counter\" data-id=\"1e3f3d2\" data-element_type=\"widget\" data-e-type=\"widget\" data-widget_type=\"counter.default\">\n\t\t\t\t\t\t\t<div class=\"elementor-counter\">\n\t\t\t<div class=\"elementor-counter-title\">Registruotos \u012fmon\u0117s<\/div>\t\t\t<div class=\"elementor-counter-number-wrapper\">\n\t\t\t\t<span class=\"elementor-counter-number-prefix\"><\/span>\n\t\t\t\t<span class=\"elementor-counter-number\" data-duration=\"2000\" data-to-value=\"7814\" data-from-value=\"0\" data-delimiter=\",\">0<\/span>\n\t\t\t\t<span class=\"elementor-counter-number-suffix\">+<\/span>\n\t\t\t<\/div>\n\t\t<\/div>\n\t\t\t\t\t\t<\/div>\n\t\t\t\t<\/div>\n\t\t<div class=\"elementor-element elementor-element-d3dbc18 e-con-full e-flex e-con e-child\" data-id=\"d3dbc18\" data-element_type=\"container\" data-e-type=\"container\" data-settings=\"{&quot;position&quot;:&quot;absolute&quot;}\">\n\t\t\t\t<div class=\"elementor-element elementor-element-81d5fe5 elementor-widget elementor-widget-image\" data-id=\"81d5fe5\" data-element_type=\"widget\" data-e-type=\"widget\" data-widget_type=\"image.default\">\n\t\t\t\t\t\t\t\t\t\t\t\t\t\t\t<img loading=\"lazy\" decoding=\"async\" width=\"106\" height=\"106\" src=\"https:\/\/goworkabit.com\/wp-content\/uploads\/2026\/01\/svg-image-1-1.svg\" class=\"attachment-large size-large wp-image-1430\" alt=\"\" \/>\t\t\t\t\t\t\t\t\t\t\t\t\t\t\t<\/div>\n\t\t\t\t<\/div>\n\t\t\t\t<\/div>\n\t\t\t\t\t<\/div>\n\t\t\t\t<\/div>\n\t\t\t\t<\/div>\n\t\t","protected":false},"excerpt":{"rendered":"<p>Did\u017eiausia lanks\u010di\u0173 ir trumpalaiki\u0173 darb\u0173 platforma Baltijos \u0161alyse DARBDAVIAMS \u010cia rasite darbuotoj\u0173, kai darbo kr\u016bvis netik\u0117tai padid\u0117ja, darbuotojai suserga arba prireikia pagalbos vykdant nauj\u0105 projekt\u0105. Skaityti daugiau U\u017esisakykite nemokam\u0105 konsultacij\u0105 IE\u0160KANTIEMS DARBO Atraskite darbus su lanks\u010diu darbo grafiku, kurie dera su j\u016bs\u0173 pagrindiniais \u012fsipareigojimais ir leid\u017eia lengvai u\u017esidirbti papildom\u0173 pajam\u0173. Skaityti daugiau Prisijunkite ir per\u017ei\u016br\u0117kite [&hellip;]<\/p>\n","protected":false},"author":1,"featured_media":0,"parent":0,"menu_order":0,"comment_status":"closed","ping_status":"closed","template":"elementor_header_footer","meta":{"footnotes":""},"class_list":["post-1434","page","type-page","status-publish","hentry"],"_links":{"self":[{"href":"https:\/\/goworkabit.com\/lt\/wp-json\/wp\/v2\/pages\/1434","targetHints":{"allow":["GET"]}}],"collection":[{"href":"https:\/\/goworkabit.com\/lt\/wp-json\/wp\/v2\/pages"}],"about":[{"href":"https:\/\/goworkabit.com\/lt\/wp-json\/wp\/v2\/types\/page"}],"author":[{"embeddable":true,"href":"https:\/\/goworkabit.com\/lt\/wp-json\/wp\/v2\/users\/1"}],"replies":[{"embeddable":true,"href":"https:\/\/goworkabit.com\/lt\/wp-json\/wp\/v2\/comments?post=1434"}],"version-history":[{"count":43,"href":"https:\/\/goworkabit.com\/lt\/wp-json\/wp\/v2\/pages\/1434\/revisions"}],"predecessor-version":[{"id":2140,"href":"https:\/\/goworkabit.com\/lt\/wp-json\/wp\/v2\/pages\/1434\/revisions\/2140"}],"wp:attachment":[{"href":"https:\/\/goworkabit.com\/lt\/wp-json\/wp\/v2\/media?parent=1434"}],"curies":[{"name":"wp","href":"https:\/\/api.w.org\/{rel}","templated":true}]}}